{"id":86,"date":"2020-12-06T05:25:28","date_gmt":"2020-12-06T05:25:28","guid":{"rendered":"https:\/\/www.kemianseurat.fi\/psks\/?page_id=86"},"modified":"2020-12-06T15:54:38","modified_gmt":"2020-12-06T15:54:38","slug":"saannot","status":"publish","type":"page","link":"https:\/\/www.kemianseurat.fi\/psks\/saannot\/","title":{"rendered":"S\u00e4\u00e4nn\u00f6t"},"content":{"rendered":"<p>[et_pb_section fb_built=&#8221;1&#8243; fullwidth=&#8221;on&#8221; _builder_version=&#8221;4.7.4&#8243; background_image=&#8221;https:\/\/www.kemianseurat.fi\/psks\/wp-content\/uploads\/2020\/11\/pohjois-suomen-kemistiseura-PSKS.jpg&#8221; height=&#8221;200px&#8221; custom_padding=&#8221;||130px|||&#8221;][\/et_pb_section][et_pb_section fb_built=&#8221;1&#8243; _builder_version=&#8221;3.22&#8243; custom_padding=&#8221;17px|||||&#8221;][et_pb_row _builder_version=&#8221;3.25&#8243;][et_pb_column type=&#8221;4_4&#8243; _builder_version=&#8221;3.25&#8243; custom_padding=&#8221;|||&#8221; custom_padding__hover=&#8221;|||&#8221;][et_pb_divider color=&#8221;#000000&#8243; divider_weight=&#8221;2px&#8221; _builder_version=&#8221;3.19.14&#8243; max_width=&#8221;100px&#8221; module_alignment=&#8221;center&#8221;][\/et_pb_divider][et_pb_text _builder_version=&#8221;4.7.4&#8243; text_font=&#8221;Roboto|700|||||||&#8221; text_text_color=&#8221;#333333&#8243; text_font_size=&#8221;40px&#8221; header_font=&#8221;Roboto||||||||&#8221; header_text_color=&#8221;#000000&#8243; header_font_size=&#8221;40px&#8221; text_orientation=&#8221;center&#8221; background_layout=&#8221;dark&#8221; text_font_size_tablet=&#8221;35px&#8221; text_font_size_phone=&#8221;30px&#8221; text_font_size_last_edited=&#8221;on|desktop&#8221; header_font_size_tablet=&#8221;35px&#8221; header_font_size_phone=&#8221;30px&#8221; header_font_size_last_edited=&#8221;on|desktop&#8221;]<\/p>\n<h1>S\u00e4\u00e4nn\u00f6t<\/h1>\n<p>[\/et_pb_text][\/et_pb_column][\/et_pb_row][et_pb_row _builder_version=&#8221;3.25&#8243;][et_pb_column type=&#8221;4_4&#8243; _builder_version=&#8221;3.25&#8243; custom_padding=&#8221;|||&#8221; custom_padding__hover=&#8221;|||&#8221;][et_pb_text _builder_version=&#8221;4.7.4&#8243; text_font=&#8221;Roboto|300|||||||&#8221; text_text_color=&#8221;#000000&#8243; text_font_size=&#8221;16px&#8221; text_line_height=&#8221;1.5em&#8221; header_font=&#8221;||||||||&#8221; background_layout=&#8221;dark&#8221; custom_padding=&#8221;3px|||||&#8221; text_font_size_tablet=&#8221;16px&#8221; text_font_size_phone=&#8221;16px&#8221; text_font_size_last_edited=&#8221;on|phone&#8221;]<\/p>\n<p><strong>POHJOIS-SUOMEN KEMISTISEURA RY:N S\u00c4\u00c4NN\u00d6T<\/strong><\/p>\n<p><strong>1\u00a7 Yhdistyksen nimi ja kotipaikka<\/strong><br \/>Yhdistyksen nimi on Pohjois-Suomen Kemistiseura ry ja siit\u00e4 voidaan k\u00e4ytt\u00e4\u00e4 lyhennett\u00e4 PSKS. Yhdistyksen kotipaikka on Oulun kaupunki ja se on Suomalaisten Kemistien Seuran alainen paikallisseura. N\u00e4iss\u00e4 s\u00e4\u00e4nn\u00f6iss\u00e4 yhdistyksest\u00e4 siit\u00e4 k\u00e4ytet\u00e4\u00e4n nimityst\u00e4 seura.<\/p>\n<p><strong>\u00a02\u00a7 Tarkoitus ja toiminta<\/strong><br \/>Seuran tarkoituksena on toimia yhdyssiteen\u00e4 Pohjois-Suomen kemistien v\u00e4lill\u00e4 j\u00e4rjest\u00e4m\u00e4ll\u00e4 kokouksia, esitelm\u00e4tilaisuuksia, retki\u00e4, sek\u00e4 muuta j\u00e4senten v\u00e4list\u00e4 verkostoitumista edist\u00e4v\u00e4\u00e4 vastaavaa toimintaa. Seura voi jakaa stipendej\u00e4 toiminta-alueellaan kemian opinnoissa menestyneille.<\/p>\n<p><strong>3\u00a7 Seuran j\u00e4senet<\/strong><br \/>J\u00e4seneksi hyv\u00e4ksyminen:<\/p>\n<ul>\n<li><strong>Seuran varsinaisiksi j\u00e4seniksi<\/strong><span>\u00a0<\/span>voidaan hyv\u00e4ksy\u00e4 henkil\u00f6it\u00e4, joiden katsotaan suorittamillaan tutkinnoilla tai muulla ansiokkaalla tavalla osoittaneen olevansa p\u00e4tevi\u00e4 kemistej\u00e4 ja jotka ovat tai samalla liittyv\u00e4t Suomalaisten Kemistien Seuran j\u00e4seneksi ja ovat maksaneet Suomalaisten kemistien seuran vuotuisen j\u00e4senmaksun. Varsinaiset j\u00e4senen hyv\u00e4ksyy johtokunta kokouksessaan.<\/li>\n<\/ul>\n<ul>\n<li><strong>Seuran nuoriksi j\u00e4seniksi<\/strong><span>\u00a0<\/span>voidaan hyv\u00e4ksy\u00e4 yliopistoissa ja teknillisiss\u00e4 korkeakouluissa kemiaa p\u00e4\u00e4aineenaan opiskelevia henkil\u00f6it\u00e4 ja jotka ovat tai samalla liittyv\u00e4t Suomalaisten Kemistien Seuran j\u00e4seneksi ja jotka ovat maksaneet Suomalaisten kemistien seuran vuotuisen lehtimaksun. Nuoret j\u00e4senen hyv\u00e4ksyy johtokunta kokouksessaan.<\/li>\n<\/ul>\n<ul>\n<li><strong>Seuran kannattajaj\u00e4seniksi<\/strong><span>\u00a0<\/span>voidaan hyv\u00e4ksy\u00e4 seuran pyrkimyksi\u00e4 kannattavia henkil\u00f6it\u00e4, oikeuskelpoisia yhteis\u00f6j\u00e4 ja s\u00e4\u00e4ti\u00f6it\u00e4.<\/li>\n<\/ul>\n<p>J\u00e4seneksi kutsuminen:<\/p>\n<ul>\n<li><strong>Seuran kunniaj\u00e4seniksi<\/strong><span>\u00a0<\/span>voidaan kutsua henkil\u00f6it\u00e4, jotka ovat erityisen ansioituneita kemian tai sen sovellutusten alalla toimiessaan tai erityisesti kunnostautuneet toimimalla seuran ja sen tarkoitusperien hyv\u00e4ksi.<\/li>\n<\/ul>\n<ul>\n<li>Kun seura haluaa osoittaa erityist\u00e4 kunnioitusta jollekin henkil\u00f6lle, joka on sen harrastuspiiriin kuuluvilla aloilla laajasti ansioitunut ja on aiemmin kutsuttu kunniaj\u00e4seneksi, seura voi kutsua h\u00e4net<span>\u00a0<\/span><strong>kunniapuheenjohtajakseen<\/strong>. Kutsumisen ehtona on v\u00e4hint\u00e4\u00e4n seuran viiden j\u00e4senen laatima kirjallinen ehdotus, johtokunnan puoltava esitys ja seuran kokouksessaan tekem\u00e4 hyv\u00e4ksyv\u00e4 p\u00e4\u00e4t\u00f6s, jota kannattaa v\u00e4hint\u00e4\u00e4n nelj\u00e4 viidesosaa \u00e4\u00e4nestykseen osallistuneista. Kunniapuheenjohtajia voi olla vain yksi kerrallaan. Saavutetut j\u00e4senoikeudet s\u00e4ilyv\u00e4t<\/li>\n<\/ul>\n<p><strong>\u00a04 \u00a7<\/strong><span>\u00a0<\/span><strong>J\u00e4senmaksu<\/strong><br \/>Seuran varsinaisen, nuoren ja kannattajaj\u00e4senen on suoritettava vuotuinen j\u00e4senmaksu, jonka suuruuden seura m\u00e4\u00e4r\u00e4\u00e4 syyskokouksessaan. Seuran varsinainen j\u00e4sen maksaa lis\u00e4ksi p\u00e4\u00e4seuran j\u00e4senmaksun ja nuori j\u00e4sen p\u00e4\u00e4seuran lehtimaksun. Kannattajaj\u00e4sen voi kuitenkin suorittaa j\u00e4senmaksunsa kertasuorituksena ja sen suuruus p\u00e4\u00e4tet\u00e4\u00e4n edell\u00e4 mainitussa kokouksessa. Kunniaj\u00e4senill\u00e4 ja kunniapuheenjohtajilla ei ole j\u00e4senmaksua.<\/p>\n<p><strong>5 \u00a7 J\u00e4senen eroaminen ja erottaminen \u00a0 \u00a0<\/strong><br \/>J\u00e4sen eroaa seurasta (paitsi kuoleman kautta):<\/p>\n<ul>\n<li>Tekem\u00e4ll\u00e4 seuran johtokunnalle tai sen puheenjohtajalle kirjallisen eroamisilmoituksen, tai ilmoittamalla eroamisesta suullisesti yhdistyksen kokouksen p\u00f6yt\u00e4kirjaan.<\/li>\n<\/ul>\n<ul>\n<li>Seuran johtokunnan p\u00e4\u00e4t\u00f6ksell\u00e4 voidaan erottaa yhdistyksen sellainen varsinainen j\u00e4sen joka on j\u00e4tt\u00e4nyt Suomalaisten Kemistien Seuran vuotuisen j\u00e4senmaksun maksamatta, tai nuori j\u00e4sen joka on j\u00e4tt\u00e4nyt lehtimaksun maksamatta. Erottaminen astuu voimaan kuusi (6) kuukautta erottamisp\u00e4\u00e4t\u00f6ksest\u00e4.<\/li>\n<\/ul>\n<ul>\n<li>Seuran p\u00e4\u00e4t\u00f6ksell\u00e4 voidaan erottaa yhdistyksen sellainen varsinainen, nuori tai kannattajaj\u00e4sen joka on laiminly\u00f6nyt h\u00e4nelle m\u00e4\u00e4r\u00e4tyn j\u00e4senmaksun suorittamisen tai on toiminut seuran tarkoitusperi\u00e4 vastaan tai muulla tavalla vahingoittanut seuraa tai ei en\u00e4\u00e4 t\u00e4yt\u00e4 seuran s\u00e4\u00e4nn\u00f6iss\u00e4 mainittuja j\u00e4senyyden ehtoja.<\/li>\n<\/ul>\n<ul>\n<li>Johtokunnan p\u00e4\u00e4t\u00f6ksell\u00e4 voidaan erottaa yhdistyksen sellainen nuori j\u00e4sen joka ei ole seitsem\u00e4n (7) vuoden j\u00e4lkeen valmistunut.<\/li>\n<\/ul>\n<p><strong>6\u00a7 Johtokunta<\/strong><\/p>\n<p>Seuran hallituksena toimii johtokunta, joka huolehtii seuran omaisuuden hoidosta ja seuran tekemien p\u00e4\u00e4t\u00f6sten toimeenpanosta, valmistelee t\u00e4rkeimm\u00e4t kokouksissa esitett\u00e4v\u00e4t asiat, valvoo seuran asettamien valiokuntien ja toimihenkil\u00f6iden toimintaa ja hoitaa seuran juoksevat asiat. Johtokunnan muodostavat puheenjohtaja sek\u00e4 nelj\u00e4st\u00e4 kuuteen (4-6) j\u00e4sent\u00e4. Johtokunta valitsee keskuudestaan varapuheenjohtajan, sihteerin ja taloudenhoitajan. Sihteeri ja taloudenhoitaja voivat olla sama henkil\u00f6.<\/p>\n<p>Johtokunnan puheenjohtaja sek\u00e4 nelj\u00e4st\u00e4 kuuteen (4-6) muuta j\u00e4sent\u00e4 valitaan seuran syyskokouksessa kalenterivuodeksi kerrallaan, enint\u00e4\u00e4n kuitenkin kolme kertaa per\u00e4kk\u00e4in.<\/p>\n<p>Johtokunta kutsuu seuralle kokouksiinsa yhden nuorten j\u00e4senten edustajan, jo<span>i<\/span>lla on kokouksissa puhe-, mutta ei \u00e4\u00e4nioikeutta.<\/p>\n<p>Johtokunnan kutsuu koolle sen puheenjohtaja tai varapuheenjohtaja tai kun kolme johtokunnan j\u00e4sent\u00e4 sit\u00e4 pyyt\u00e4\u00e4. Johtokunta on p\u00e4\u00e4t\u00f6svaltainen kokouksessaan, jos l\u00e4sn\u00e4 on kolme j\u00e4sent\u00e4, joista yksi on puheenjohtaja tai varapuheenjohtaja. J\u00e4sen voi my\u00f6s et\u00e4osallistua kokoukseen, kunhan henkil\u00f6llisyys voidaan todentaa. Kiireellisiss\u00e4 tapauksissa johtokunta voi pit\u00e4\u00e4 kokouksen puhelimen, videon tai internetin v\u00e4lityksell\u00e4.<\/p>\n<p>Nuorten j\u00e4senten edustaja voidaan vapauttaa teht\u00e4vist\u00e4\u00e4n p\u00e4tevien syiden perusteella ja valita tarvittaessa h\u00e4nen tilalleen toinen henkil\u00f6 johtokunnan kokouksissa.<\/p>\n<p><strong>7\u00a7 Yhdistyksen nimenkirjoittaminen<\/strong><\/p>\n<p>Seuran nimen kirjoittavat puheenjohtaja ja varapuheenjohtaja yhdess\u00e4, tai jompi kumpi sihteerin tai taloudenhoitajan kanssa, kaksi yhdess\u00e4.<\/p>\n<p><strong>\u00a08\u00a7 Toiminta- ja tilikausi, sek\u00e4 toiminnantarkastus<\/strong><\/p>\n<p>Seuran tilit p\u00e4\u00e4tet\u00e4\u00e4n kalenterivuosittain. Tilinp\u00e4\u00e4t\u00f6ksen ja johtokunnan vuosikertomuksen pit\u00e4\u00e4 olla valmiina ennen helmikuun loppua. Tilinp\u00e4\u00e4t\u00f6ksen tarkastavat syyskokouksen valitsemat toiminnantarkastajat. Tarkastuskertomus on annettava johtokunnalle maaliskuun 16. p\u00e4iv\u00e4\u00e4n menness\u00e4.<\/p>\n<p><strong>\u00a09\u00a7 Yhdistyksen kokouksen koollekutsuminen<\/strong><\/p>\n<p>Kokouskutsut, samoin kuin muutkin tiedonannot, toimitetaan kirjallisesti kullekin j\u00e4senelle erikseen viimeist\u00e4\u00e4n viikkoa ennen kokousp\u00e4iv\u00e4\u00e4.<\/p>\n<p><strong>\u00a010\u00a7 Varsinainen kokous<\/strong><\/p>\n<p>Vuosikokous ja siin\u00e4 on k\u00e4sitelt\u00e4v\u00e4 seuraavat asiat:<\/p>\n<ol>\n<li>Kokouksen avaus<\/li>\n<li>Valitaan kokoukselle puheenjohtaja, sihteeri ja kaksi p\u00f6yt\u00e4kirjantarkastajaa, jotka tarvittaessa toimivat \u00e4\u00e4ntenlaskijoina<\/li>\n<li>Todetaan kokouksen laillisuus ja p\u00e4\u00e4t\u00f6svaltaisuus<\/li>\n<li>Hyv\u00e4ksyt\u00e4\u00e4n kokouksen ty\u00f6j\u00e4rjestys<\/li>\n<li>K\u00e4sitell\u00e4\u00e4n vuosikertomus<\/li>\n<li>K\u00e4sitell\u00e4\u00e4n tilit ja toiminnantarkastajien antama lausunto<\/li>\n<li>Vahvistetaan tilinp\u00e4\u00e4t\u00f6s ja p\u00e4\u00e4tet\u00e4\u00e4n vastuuvapauden my\u00f6nt\u00e4misest\u00e4 tilivelvollisille<\/li>\n<li>K\u00e4sitell\u00e4\u00e4n muut kokoukselle esitetyt asiat<\/li>\n<\/ol>\n<p>Syyskokous ja siin\u00e4 on k\u00e4sitelt\u00e4v\u00e4 seuraavat asiat:<\/p>\n<ol>\n<li>Kokouksen avaus<\/li>\n<li>Valitaan kokoukselle puheenjohtaja, sihteeri ja kaksi p\u00f6yt\u00e4kirjantarkastajaa, jotka tarvittaessa toimivat \u00e4\u00e4ntenlaskijoina<\/li>\n<li>Todetaan kokouksen laillisuus ja p\u00e4\u00e4t\u00f6svaltaisuus<\/li>\n<li>Hyv\u00e4ksyt\u00e4\u00e4n kokouksen ty\u00f6j\u00e4rjestys<\/li>\n<li>P\u00e4\u00e4tet\u00e4\u00e4n j\u00e4senmaksun suuruudesta kullekin j\u00e4senryhm\u00e4lle<\/li>\n<li>K\u00e4sitell\u00e4\u00e4n toimintasuunnitelma seuraavalle vuodelle<\/li>\n<li>K\u00e4sitell\u00e4\u00e4n talousarvioehdotus seuraavalle vuodelle<\/li>\n<li>Valitaan johtokunnan puheenjohtaja ja kolmesta viiteen (3-5) muuta j\u00e4sent\u00e4, sek\u00e4 sihteeri ja taloudenhoitaja seuraavalle toimintakaudelle joka on kalenterivuosi<\/li>\n<li>Valitaan kaksi toiminnantarkastajaa ja heille kaksi varamiest\u00e4 seuraavan vuoden tilej\u00e4 ja hallintoa tarkastamaan<\/li>\n<li>K\u00e4sitell\u00e4\u00e4n muut kokoukselle esitetyt asiat<\/li>\n<\/ol>\n<p><strong>\u00a011\u00a7 Seuran kokous<\/strong><\/p>\n<p>Seura pit\u00e4\u00e4 vuosittain kaksi varsinaista kokousta johtokunnan m\u00e4\u00e4r\u00e4\u00e4min\u00e4 p\u00e4ivin\u00e4. Kev\u00e4tkokous pidet\u00e4\u00e4n helmi-maaliskuussa ja syyskokous loka-marraskuussa. Muita kokouksia pidet\u00e4\u00e4n, kun johtokunta katsoo sen tarpeelliseksi tai v\u00e4hint\u00e4\u00e4n nelj\u00e4 j\u00e4sent\u00e4 tai 1\/10 \u00e4\u00e4nioikeutetuista sit\u00e4 kirjallisesti ilmoitetun asian k\u00e4sittelemist\u00e4 varten johtokunnalta vaatii. Kokous on pidett\u00e4v\u00e4 30 vuorokauden kuluessa siit\u00e4, kun vaatimus sen pit\u00e4misest\u00e4 on esitetty johtokunnalle. Seuran kokouksissa ovat \u00e4\u00e4nivaltaisia kunniapuheenjohtaja, kunniaj\u00e4senet ja varsinaiset j\u00e4senet. Muilla j\u00e4senill\u00e4 on ainoastaan puhevalta. Kokous on p\u00e4\u00e4t\u00f6svaltainen, kun se on s\u00e4\u00e4nt\u00f6jen mukaan koollekutsuttu. Asiat p\u00e4\u00e4tet\u00e4\u00e4n yksinkertaisella \u00e4\u00e4nten enemmist\u00f6ll\u00e4, mik\u00e4li n\u00e4iss\u00e4 s\u00e4\u00e4nn\u00f6iss\u00e4 ei toisin m\u00e4\u00e4r\u00e4t\u00e4. \u00c4\u00e4nestys on suoritettava suljettuna, jos kaksi \u00e4\u00e4nioikeutettua niin vaatii. Vaalit suoritetaan suljettuna, jos ehdokkaita on enemm\u00e4n kuin kaksi. \u00c4\u00e4nten menness\u00e4 tasan ratkaisee puheenjohtajan \u00e4\u00e4ni, paitsi vaalissa, jossa ratkaisee arpa. Jos kokouksessa otetaan esille ensimm\u00e4ist\u00e4 kertaa asia, jota ei ole kokouskutsussa mainittu, lyk\u00e4t\u00e4\u00e4n siit\u00e4 p\u00e4\u00e4tt\u00e4minen seuraavaan, aikaisintaan viikon kuluttua pidett\u00e4v\u00e4\u00e4n kokoukseen, jos kaksi \u00e4\u00e4nioikeutettua sit\u00e4 vaatii. Yhdistyslain 23\u00a7:n mainitsemat asiat on oltava kokouskutsussa.<\/p>\n<p><strong>\u00a012\u00a7 S\u00e4\u00e4nt\u00f6jen muuttaminen<\/strong><\/p>\n<p>Seuran s\u00e4\u00e4nt\u00f6ihin ehdotetut muutokset ja lis\u00e4ykset hyv\u00e4ksyt\u00e4\u00e4n, jos kahdessa per\u00e4kk\u00e4isess\u00e4, v\u00e4hint\u00e4\u00e4n kahden viikon v\u00e4liajoin pidetyss\u00e4 seuran kokouksessa, kummassakin v\u00e4hint\u00e4\u00e4n kolme nelj\u00e4sosaa \u00e4\u00e4nestykseen osallistuneista, kannattaa tehty\u00e4 ja kokouskutsussa mainittua ehdotusta. S\u00e4\u00e4nt\u00f6muutoksesta tulee olla maininta kokouskutsussa. Muutokset esitet\u00e4\u00e4n Suomalaisten Kemistien Seuran vahvistettaviksi.<\/p>\n<p><strong>13\u00a7 Seuran purkaminen<\/strong><\/p>\n<p>Kysymys seuran purkamisesta k\u00e4sitell\u00e4\u00e4n kahdessa sit\u00e4 varten koolle kutsutussa kokouksessa, joista on ilmoitettava kokouskutsussa. Purkamisp\u00e4\u00e4t\u00f6kseen vaaditaan kummassakin v\u00e4hint\u00e4\u00e4n kahden viikon v\u00e4liajoin pidetyss\u00e4 kokouksessa nelj\u00e4 viidesosaa (4\/5) kaikista annetuista \u00e4\u00e4nist\u00e4. Seuran purkautuessa sen omaisuus luovutetaan seuran tarkoitusperi\u00e4 l\u00e4hinn\u00e4 edist\u00e4v\u00e4lle rekister\u00f6idylle yhdistykselle, muulle yhteis\u00f6lle tai s\u00e4\u00e4ti\u00f6lle.<\/p>\n<p><strong>14\u00a7 Muuta<\/strong><\/p>\n<p>Muissa kohdissa noudatetaan Suomalaisten Kemistien Seuran s\u00e4\u00e4nt\u00f6j\u00e4 ja voimassaolevan yhdistyslain s\u00e4\u00e4nn\u00f6ksi\u00e4.<\/p>\n<p>&nbsp;<\/p>\n<p><em>Pohjois-Suomen Kemistiseura ry<\/em><\/p>\n<p>[\/et_pb_text][\/et_pb_column][\/et_pb_row][\/et_pb_section]<\/p>\n","protected":false},"excerpt":{"rendered":"<p>S\u00e4\u00e4nn\u00f6tPOHJOIS-SUOMEN KEMISTISEURA RY:N S\u00c4\u00c4NN\u00d6T 1\u00a7 Yhdistyksen nimi ja kotipaikkaYhdistyksen nimi on Pohjois-Suomen Kemistiseura ry ja siit\u00e4 voidaan k\u00e4ytt\u00e4\u00e4 lyhennett\u00e4 PSKS. Yhdistyksen kotipaikka on Oulun kaupunki ja se on Suomalaisten Kemistien Seuran alainen paikallisseura. N\u00e4iss\u00e4 s\u00e4\u00e4nn\u00f6iss\u00e4 yhdistyksest\u00e4 siit\u00e4 k\u00e4ytet\u00e4\u00e4n nimityst\u00e4 seura. \u00a02\u00a7 Tarkoitus ja toimintaSeuran tarkoituksena on toimia yhdyssiteen\u00e4 Pohjois-Suomen kemistien v\u00e4lill\u00e4 j\u00e4rjest\u00e4m\u00e4ll\u00e4 kokouksia, esitelm\u00e4tilaisuuksia, retki\u00e4, [&hellip;]<\/p>\n","protected":false},"author":1,"featured_media":0,"parent":0,"menu_order":0,"comment_status":"closed","ping_status":"closed","template":"","meta":{"_et_pb_use_builder":"on","_et_pb_old_content":"","_et_gb_content_width":"","footnotes":""},"class_list":["post-86","page","type-page","status-publish","hentry"],"_links":{"self":[{"href":"https:\/\/www.kemianseurat.fi\/psks\/wp-json\/wp\/v2\/pages\/86","targetHints":{"allow":["GET"]}}],"collection":[{"href":"https:\/\/www.kemianseurat.fi\/psks\/wp-json\/wp\/v2\/pages"}],"about":[{"href":"https:\/\/www.kemianseurat.fi\/psks\/wp-json\/wp\/v2\/types\/page"}],"author":[{"embeddable":true,"href":"https:\/\/www.kemianseurat.fi\/psks\/wp-json\/wp\/v2\/users\/1"}],"replies":[{"embeddable":true,"href":"https:\/\/www.kemianseurat.fi\/psks\/wp-json\/wp\/v2\/comments?post=86"}],"version-history":[{"count":6,"href":"https:\/\/www.kemianseurat.fi\/psks\/wp-json\/wp\/v2\/pages\/86\/revisions"}],"predecessor-version":[{"id":318,"href":"https:\/\/www.kemianseurat.fi\/psks\/wp-json\/wp\/v2\/pages\/86\/revisions\/318"}],"wp:attachment":[{"href":"https:\/\/www.kemianseurat.fi\/psks\/wp-json\/wp\/v2\/media?parent=86"}],"curies":[{"name":"wp","href":"https:\/\/api.w.org\/{rel}","templated":true}]}}