{"id":298,"date":"2020-12-06T15:36:35","date_gmt":"2020-12-06T15:36:35","guid":{"rendered":"https:\/\/www.kemianseurat.fi\/psks\/?page_id=298"},"modified":"2021-03-24T17:55:08","modified_gmt":"2021-03-24T17:55:08","slug":"seura","status":"publish","type":"page","link":"https:\/\/www.kemianseurat.fi\/psks\/seura\/","title":{"rendered":"Seura"},"content":{"rendered":"<p>[et_pb_section fb_built=&#8221;1&#8243; fullwidth=&#8221;on&#8221; _builder_version=&#8221;4.7.4&#8243; background_image=&#8221;https:\/\/www.kemianseurat.fi\/psks\/wp-content\/uploads\/2020\/11\/pohjois-suomen-kemistiseura-PSKS.jpg&#8221; height=&#8221;200px&#8221; custom_padding=&#8221;||130px|||&#8221;][\/et_pb_section][et_pb_section fb_built=&#8221;1&#8243; _builder_version=&#8221;3.22&#8243; custom_padding=&#8221;17px|||||&#8221;][et_pb_row _builder_version=&#8221;3.25&#8243;][et_pb_column type=&#8221;4_4&#8243; _builder_version=&#8221;3.25&#8243; custom_padding=&#8221;|||&#8221; custom_padding__hover=&#8221;|||&#8221;][et_pb_divider color=&#8221;#000000&#8243; divider_weight=&#8221;2px&#8221; _builder_version=&#8221;3.19.14&#8243; max_width=&#8221;100px&#8221; module_alignment=&#8221;center&#8221;][\/et_pb_divider][et_pb_text _builder_version=&#8221;4.7.4&#8243; text_font=&#8221;Roboto|700|||||||&#8221; text_text_color=&#8221;#333333&#8243; text_font_size=&#8221;40px&#8221; header_font=&#8221;Roboto||||||||&#8221; header_text_color=&#8221;#000000&#8243; header_font_size=&#8221;40px&#8221; text_orientation=&#8221;center&#8221; background_layout=&#8221;dark&#8221; text_font_size_tablet=&#8221;35px&#8221; text_font_size_phone=&#8221;30px&#8221; text_font_size_last_edited=&#8221;on|desktop&#8221; header_font_size_tablet=&#8221;35px&#8221; header_font_size_phone=&#8221;30px&#8221; header_font_size_last_edited=&#8221;on|desktop&#8221;]<\/p>\n<h1>Yleist\u00e4<\/h1>\n<p>[\/et_pb_text][et_pb_text _builder_version=&#8221;4.7.4&#8243; text_font=&#8221;Roboto|300|||||||&#8221; text_text_color=&#8221;#333333&#8243; text_font_size=&#8221;20px&#8221; header_font=&#8221;||||||||&#8221; text_orientation=&#8221;center&#8221; background_layout=&#8221;dark&#8221;]<\/p>\n<p>Pohjois-Suomen Kemistiseura (PSKS)<\/p>\n<p>[\/et_pb_text][\/et_pb_column][\/et_pb_row][et_pb_row column_structure=&#8221;1_2,1_2&#8243; _builder_version=&#8221;3.25&#8243;][et_pb_column type=&#8221;1_2&#8243; _builder_version=&#8221;3.25&#8243; custom_padding=&#8221;|||&#8221; custom_padding__hover=&#8221;|||&#8221;][et_pb_image src=&#8221;https:\/\/www.kemianseurat.fi\/psks\/wp-content\/uploads\/2020\/11\/Pohjois-suomen-kemistiseura-PSKS-Oulu.jpg&#8221; title_text=&#8221;Pohjois-suomen-kemistiseura PSKS Oulu&#8221; align_tablet=&#8221;center&#8221; align_phone=&#8221;&#8221; align_last_edited=&#8221;on|desktop&#8221; _builder_version=&#8221;4.7.4&#8243;][\/et_pb_image][\/et_pb_column][et_pb_column type=&#8221;1_2&#8243; _builder_version=&#8221;3.25&#8243; custom_padding=&#8221;|||&#8221; custom_padding__hover=&#8221;|||&#8221;][et_pb_text _builder_version=&#8221;4.7.4&#8243; text_font=&#8221;Roboto|300|||||||&#8221; text_text_color=&#8221;#000000&#8243; text_font_size=&#8221;16px&#8221; text_line_height=&#8221;1.5em&#8221; header_font=&#8221;||||||||&#8221; background_layout=&#8221;dark&#8221; custom_padding=&#8221;3px|||||&#8221; text_font_size_tablet=&#8221;16px&#8221; text_font_size_phone=&#8221;16px&#8221; text_font_size_last_edited=&#8221;on|phone&#8221;]<\/p>\n<p>Pohjois-Suomen Kemistiseura (PSKS) on perustettu vuonna 1962 ja se kuuluu paikallisseurana Suomalaisten Kemistien Seuraan (SKS). Seuran kotipaikka on Oulu. J\u00e4seni\u00e4 vuonna 2019 on 227.\u00a0Seuran s\u00e4\u00e4nn\u00f6t edellytt\u00e4v\u00e4t, ett\u00e4 j\u00e4senet ovat my\u00f6s p\u00e4\u00e4seuran\u00a0j\u00e4seni\u00e4.<\/p>\n<p>Seuran teht\u00e4v\u00e4n\u00e4 on puhaltaa yhteishenke\u00e4 puolta Suomea kattavan alueen kemisteihin, pit\u00e4\u00e4 yll\u00e4 yhteyksi\u00e4 yliopistossa, teollisuudessa, oppilaitoksissa ja kaupan piiriss\u00e4 ty\u00f6skentelevien kemistien kesken ja tarjota mahdollisuuksia seuran j\u00e4senille tutustua toisiinsa sek\u00e4 kemiaan l\u00e4hell\u00e4 ett\u00e4 kaukana. Seuran toimintaan kuuluvat s\u00e4\u00e4nt\u00f6m\u00e4\u00e4r\u00e4iset kev\u00e4t- ja syyskokoukset, kev\u00e4t- ja syystapahtumat, joista yleens\u00e4 ainakin toinen on tarkoitettu koko perheelle sek\u00e4 eri yritysten sponsoroimat klubi-illat, joissa ko. yritykset esittelev\u00e4t toimintaansa ja tuotteitaan.<\/p>\n<p>&nbsp;<\/p>\n<p>[\/et_pb_text][\/et_pb_column][\/et_pb_row][et_pb_row column_structure=&#8221;1_2,1_2&#8243; module_id=&#8221;liity&#8221; _builder_version=&#8221;4.7.4&#8243; _module_preset=&#8221;default&#8221;][et_pb_column type=&#8221;1_2&#8243; _builder_version=&#8221;4.7.4&#8243; _module_preset=&#8221;default&#8221;][et_pb_text _builder_version=&#8221;4.7.4&#8243; text_font=&#8221;Roboto|700|||||||&#8221; text_text_color=&#8221;#333333&#8243; text_font_size=&#8221;40px&#8221; header_font=&#8221;Roboto||||||||&#8221; header_text_color=&#8221;#000000&#8243; header_font_size=&#8221;40px&#8221; header_2_font=&#8221;Roboto||||||||&#8221; header_2_text_color=&#8221;#000000&#8243; header_2_font_size=&#8221;30px&#8221; text_orientation=&#8221;center&#8221; background_layout=&#8221;dark&#8221; text_font_size_tablet=&#8221;35px&#8221; text_font_size_phone=&#8221;30px&#8221; text_font_size_last_edited=&#8221;on|desktop&#8221; header_font_size_tablet=&#8221;35px&#8221; header_font_size_phone=&#8221;30px&#8221; header_font_size_last_edited=&#8221;on|desktop&#8221; header_2_font_size_tablet=&#8221;25px&#8221; header_2_font_size_phone=&#8221;20px&#8221; header_2_font_size_last_edited=&#8221;on|phone&#8221;]<\/p>\n<h2>Mukaan j\u00e4seneksi<\/h2>\n<p>[\/et_pb_text][et_pb_text _builder_version=&#8221;4.7.4&#8243; _module_preset=&#8221;default&#8221; text_font=&#8221;Roboto|300|||||||&#8221; text_text_color=&#8221;#000000&#8243; text_font_size=&#8221;16px&#8221;]<\/p>\n<p>Varsinaiseksi j\u00e4seneksi voidaan hyv\u00e4ksy\u00e4 henkil\u00f6, joka suorittamallaan korkeakoulututkinnolla tai muulla tavalla on osoittanut olevansa p\u00e4tev\u00e4 kemisti. Nuoreksi j\u00e4seneksi voidaan hyv\u00e4ksy\u00e4 korkeakoulussa kemiaa p\u00e4\u00e4aineenaan opiskeleva henkil\u00f6. \u00c4\u00e4nioikeutta lukuunottamatta nuorella j\u00e4senell\u00e4 on samat oikeudet ja edut kuin varsinaisella j\u00e4senell\u00e4. PSKS:n j\u00e4seneksi liittyess\u00e4\u00e4n henkil\u00f6 liittyy my\u00f6s SKS:n j\u00e4seneksi.<\/p>\n<p>Vuonna 2019 Suomalaisten Kemistien Seuran j\u00e4senmaksu on 67 euroa. Nuoren j\u00e4senen maksu (lehtimaksu) on 10 euroa. Maksut ovat verotuksessa v\u00e4hennyskelpoisia. PSKS ei peri erillist\u00e4 j\u00e4senmaksua vuonna 2019.<\/p>\n<p>[\/et_pb_text][et_pb_button button_url=&#8221;https:\/\/core.flomembers.com\/kemianseura\/members\/application\/createApplication&#8221; url_new_window=&#8221;on&#8221; button_text=&#8221;Liity t\u00e4st\u00e4&#8221; _builder_version=&#8221;4.7.4&#8243; _module_preset=&#8221;default&#8221; custom_button=&#8221;on&#8221; button_text_size=&#8221;20px&#8221; button_text_color=&#8221;#ffffff&#8221; button_bg_color=&#8221;#000000&#8243; button_border_color=&#8221;#000000&#8243; button_border_radius=&#8221;10px&#8221; button_letter_spacing=&#8221;1px&#8221; button_font=&#8221;Roboto||||||||&#8221;][\/et_pb_button][\/et_pb_column][et_pb_column type=&#8221;1_2&#8243; _builder_version=&#8221;4.7.4&#8243; _module_preset=&#8221;default&#8221;][et_pb_image src=&#8221;https:\/\/www.kemianseurat.fi\/psks\/wp-content\/uploads\/2020\/12\/logo.png&#8221; title_text=&#8221;logo&#8221; _builder_version=&#8221;4.7.4&#8243; _module_preset=&#8221;default&#8221; custom_margin=&#8221;85px||||false|false&#8221; custom_margin_tablet=&#8221;1px||||false|false&#8221; custom_margin_phone=&#8221;&#8221; custom_margin_last_edited=&#8221;on|desktop&#8221;][\/et_pb_image][\/et_pb_column][\/et_pb_row][et_pb_row column_structure=&#8221;1_2,1_2&#8243; _builder_version=&#8221;4.7.4&#8243; _module_preset=&#8221;default&#8221;][et_pb_column type=&#8221;1_2&#8243; _builder_version=&#8221;4.7.4&#8243; _module_preset=&#8221;default&#8221;][et_pb_image src=&#8221;https:\/\/www.kemianseurat.fi\/psks\/wp-content\/uploads\/2020\/12\/pohjois-suomen-kemistiseuraan-mukaan-liittyminen.jpg&#8221; title_text=&#8221;pohjois-suomen kemistiseuraan mukaan liittyminen&#8221; _builder_version=&#8221;4.7.4&#8243; _module_preset=&#8221;default&#8221;][\/et_pb_image][\/et_pb_column][et_pb_column type=&#8221;1_2&#8243; _builder_version=&#8221;4.7.4&#8243; _module_preset=&#8221;default&#8221;][et_pb_text _builder_version=&#8221;4.7.4&#8243; text_font=&#8221;Roboto|700|||||||&#8221; text_text_color=&#8221;#333333&#8243; text_font_size=&#8221;40px&#8221; header_font=&#8221;Roboto||||||||&#8221; header_text_color=&#8221;#000000&#8243; header_font_size=&#8221;40px&#8221; header_2_font=&#8221;Roboto||||||||&#8221; header_2_text_color=&#8221;#000000&#8243; header_2_font_size=&#8221;30px&#8221; text_orientation=&#8221;center&#8221; background_layout=&#8221;dark&#8221; text_font_size_tablet=&#8221;35px&#8221; text_font_size_phone=&#8221;30px&#8221; text_font_size_last_edited=&#8221;on|desktop&#8221; header_font_size_tablet=&#8221;35px&#8221; header_font_size_phone=&#8221;30px&#8221; header_font_size_last_edited=&#8221;on|desktop&#8221; header_2_font_size_tablet=&#8221;25px&#8221; header_2_font_size_phone=&#8221;20px&#8221; header_2_font_size_last_edited=&#8221;on|phone&#8221;]<\/p>\n<h2>Tiedotustoiminta<\/h2>\n<p>[\/et_pb_text][et_pb_text _builder_version=&#8221;4.9.2&#8243; _module_preset=&#8221;default&#8221; text_font=&#8221;Roboto|300|||||||&#8221; text_text_color=&#8221;#000000&#8243; text_font_size=&#8221;16px&#8221; hover_enabled=&#8221;0&#8243; sticky_enabled=&#8221;0&#8243;]<\/p>\n<p>Seuralla on\u00a0<a href=\"https:\/\/www.facebook.com\/groups\/1149728651822630\/\" target=\"_blank\" rel=\"noopener\">Facebook-ryhm\u00e4<\/a>, jossa tiedotetaan seuran tapahtumista ja kuulumisista. Kemia-aiheinen keskustelu on my\u00f6s tervetullutta.<\/p>\n<p>Facebookin lis\u00e4ksi tiedtusta tehd\u00e4\u00e4n s\u00e4hk\u00f6postilistalla. Postituslistalla voitte ilmoittaa mist\u00e4 hyv\u00e4ns\u00e4 tapahtumasta tai asiasta, jonka arvelette kiinnostavan pohjoissuomalaisia kemistej\u00e4. Seuran toiminnasta voi l\u00e4hett\u00e4\u00e4 palautetta johtokunnan j\u00e4senelle tai sihteerille. Lis\u00e4ksi ehdotukset erilaisten tapahtumien j\u00e4rjest\u00e4miseksi tai toiminnan monipuolistamiseksi ovat tervetulleita. Listan j\u00e4seneksi voi liitty\u00e4 itse osoitteessa<span>\u00a0<\/span><a href=\"http:\/\/lists.oulu.fi\/mailman\/listinfo\/psks\" target=\"_blank\" rel=\"noopener\">http:\/\/lists.oulu.fi\/mailman\/listinfo\/psks<\/a><span>\u00a0<\/span>tai pyyt\u00e4m\u00e4ll\u00e4 seuran sihteeri\u00e4 tekem\u00e4\u00e4n sen.<\/p>\n<p>Postia kaikille listan j\u00e4senille voi l\u00e4hett\u00e4\u00e4 osoitteeseen psks (at) lists.oulu.fi ja seuran sihteerille osoitteeseen sihteeri.psks (at) gmail.com<\/p>\n<p>[\/et_pb_text][\/et_pb_column][\/et_pb_row][\/et_pb_section]<\/p>\n","protected":false},"excerpt":{"rendered":"<p>Yleist\u00e4Pohjois-Suomen Kemistiseura (PSKS)Pohjois-Suomen Kemistiseura (PSKS) on perustettu vuonna 1962 ja se kuuluu paikallisseurana Suomalaisten Kemistien Seuraan (SKS). Seuran kotipaikka on Oulu. J\u00e4seni\u00e4 vuonna 2019 on 227.\u00a0Seuran s\u00e4\u00e4nn\u00f6t edellytt\u00e4v\u00e4t, ett\u00e4 j\u00e4senet ovat my\u00f6s p\u00e4\u00e4seuran\u00a0j\u00e4seni\u00e4. Seuran teht\u00e4v\u00e4n\u00e4 on puhaltaa yhteishenke\u00e4 puolta Suomea kattavan alueen kemisteihin, pit\u00e4\u00e4 yll\u00e4 yhteyksi\u00e4 yliopistossa, teollisuudessa, oppilaitoksissa ja kaupan piiriss\u00e4 ty\u00f6skentelevien kemistien kesken [&hellip;]<\/p>\n","protected":false},"author":1,"featured_media":0,"parent":0,"menu_order":0,"comment_status":"closed","ping_status":"closed","template":"","meta":{"_et_pb_use_builder":"on","_et_pb_old_content":"","_et_gb_content_width":"","footnotes":""},"class_list":["post-298","page","type-page","status-publish","hentry"],"_links":{"self":[{"href":"https:\/\/www.kemianseurat.fi\/psks\/wp-json\/wp\/v2\/pages\/298","targetHints":{"allow":["GET"]}}],"collection":[{"href":"https:\/\/www.kemianseurat.fi\/psks\/wp-json\/wp\/v2\/pages"}],"about":[{"href":"https:\/\/www.kemianseurat.fi\/psks\/wp-json\/wp\/v2\/types\/page"}],"author":[{"embeddable":true,"href":"https:\/\/www.kemianseurat.fi\/psks\/wp-json\/wp\/v2\/users\/1"}],"replies":[{"embeddable":true,"href":"https:\/\/www.kemianseurat.fi\/psks\/wp-json\/wp\/v2\/comments?post=298"}],"version-history":[{"count":7,"href":"https:\/\/www.kemianseurat.fi\/psks\/wp-json\/wp\/v2\/pages\/298\/revisions"}],"predecessor-version":[{"id":408,"href":"https:\/\/www.kemianseurat.fi\/psks\/wp-json\/wp\/v2\/pages\/298\/revisions\/408"}],"wp:attachment":[{"href":"https:\/\/www.kemianseurat.fi\/psks\/wp-json\/wp\/v2\/media?parent=298"}],"curies":[{"name":"wp","href":"https:\/\/api.w.org\/{rel}","templated":true}]}}