{"id":134,"date":"2020-12-06T08:55:52","date_gmt":"2020-12-06T08:55:52","guid":{"rendered":"https:\/\/www.kemianseurat.fi\/psks\/?page_id=134"},"modified":"2020-12-18T17:48:29","modified_gmt":"2020-12-18T17:48:29","slug":"kuvia","status":"publish","type":"page","link":"https:\/\/www.kemianseurat.fi\/psks\/kuvia\/","title":{"rendered":"Kuvia"},"content":{"rendered":"<p>[et_pb_section fb_built=&#8221;1&#8243; fullwidth=&#8221;on&#8221; _builder_version=&#8221;4.7.4&#8243; background_image=&#8221;https:\/\/www.kemianseurat.fi\/psks\/wp-content\/uploads\/2020\/11\/pohjois-suomen-kemistiseura-PSKS.jpg&#8221; height=&#8221;200px&#8221; custom_padding=&#8221;||130px|||&#8221;][\/et_pb_section][et_pb_section fb_built=&#8221;1&#8243; _builder_version=&#8221;3.22&#8243; custom_padding=&#8221;||3px|||&#8221;][et_pb_row _builder_version=&#8221;3.25&#8243;][et_pb_column type=&#8221;4_4&#8243; _builder_version=&#8221;3.25&#8243; custom_padding=&#8221;|||&#8221; custom_padding__hover=&#8221;|||&#8221;][et_pb_divider color=&#8221;#000000&#8243; divider_weight=&#8221;2px&#8221; _builder_version=&#8221;4.7.4&#8243; max_width=&#8221;100px&#8221; module_alignment=&#8221;center&#8221; hover_enabled=&#8221;0&#8243; sticky_enabled=&#8221;0&#8243;][\/et_pb_divider][et_pb_text _builder_version=&#8221;4.7.4&#8243; text_font=&#8221;Roboto|700|||||||&#8221; text_text_color=&#8221;#333333&#8243; text_font_size=&#8221;40px&#8221; header_font=&#8221;||||||||&#8221; header_2_text_color=&#8221;#000000&#8243; header_2_font_size=&#8221;33px&#8221; header_2_line_height=&#8221;1.4em&#8221; text_orientation=&#8221;center&#8221; background_layout=&#8221;dark&#8221; text_font_size_tablet=&#8221;35px&#8221; text_font_size_phone=&#8221;30px&#8221; text_font_size_last_edited=&#8221;on|phone&#8221;]<\/p>\n<h2>Kuvia tapahtumistamme<\/h2>\n<p>[\/et_pb_text][et_pb_text _builder_version=&#8221;4.7.4&#8243; text_font=&#8221;Roboto|700|||||||&#8221; text_text_color=&#8221;#333333&#8243; text_font_size=&#8221;40px&#8221; header_font=&#8221;||||||||&#8221; header_2_text_color=&#8221;#000000&#8243; header_2_font_size=&#8221;33px&#8221; header_2_line_height=&#8221;1.4em&#8221; header_3_font=&#8221;Roboto||||||||&#8221; header_3_text_color=&#8221;#000000&#8243; text_orientation=&#8221;center&#8221; background_layout=&#8221;dark&#8221; text_font_size_tablet=&#8221;35px&#8221; text_font_size_phone=&#8221;30px&#8221; text_font_size_last_edited=&#8221;on|phone&#8221;]<\/p>\n<h3>Gaalaillallinen 2019<\/h3>\n<p>[\/et_pb_text][\/et_pb_column][\/et_pb_row][et_pb_row _builder_version=&#8221;4.7.4&#8243; _module_preset=&#8221;default&#8221; custom_padding=&#8221;||0px|||&#8221;][et_pb_column type=&#8221;4_4&#8243; _builder_version=&#8221;4.7.4&#8243; _module_preset=&#8221;default&#8221;][et_pb_gallery gallery_ids=&#8221;150,151,152,153,154,155,156,157,158&#8243; show_title_and_caption=&#8221;off&#8221; _builder_version=&#8221;4.7.4&#8243; _module_preset=&#8221;default&#8221;][\/et_pb_gallery][\/et_pb_column][\/et_pb_row][\/et_pb_section][et_pb_section fb_built=&#8221;1&#8243; _builder_version=&#8221;3.22&#8243; custom_padding=&#8221;1px||20px|||&#8221;][et_pb_row _builder_version=&#8221;4.7.4&#8243; _module_preset=&#8221;default&#8221;][et_pb_column type=&#8221;4_4&#8243; _builder_version=&#8221;4.7.4&#8243; _module_preset=&#8221;default&#8221;][et_pb_text _builder_version=&#8221;4.7.4&#8243; text_font=&#8221;Roboto|700|||||||&#8221; text_text_color=&#8221;#333333&#8243; text_font_size=&#8221;40px&#8221; header_font=&#8221;||||||||&#8221; header_2_text_color=&#8221;#000000&#8243; header_2_font_size=&#8221;33px&#8221; header_2_line_height=&#8221;1.4em&#8221; header_3_font=&#8221;Roboto||||||||&#8221; header_3_text_color=&#8221;#000000&#8243; text_orientation=&#8221;center&#8221; background_layout=&#8221;dark&#8221; text_font_size_tablet=&#8221;35px&#8221; text_font_size_phone=&#8221;30px&#8221; text_font_size_last_edited=&#8221;on|phone&#8221;]<\/p>\n<h3>Yleis\u00f6luento Marjaisat maut ja aromit \u2013 Astien Kemiaa 2019<\/h3>\n<p>[\/et_pb_text][et_pb_gallery gallery_ids=&#8221;161,159,160&#8243; show_title_and_caption=&#8221;off&#8221; _builder_version=&#8221;4.7.4&#8243; _module_preset=&#8221;default&#8221;][\/et_pb_gallery][\/et_pb_column][\/et_pb_row][\/et_pb_section][et_pb_section fb_built=&#8221;1&#8243; _builder_version=&#8221;3.22&#8243; custom_padding=&#8221;1px||0px|||&#8221;][et_pb_row _builder_version=&#8221;4.7.4&#8243; _module_preset=&#8221;default&#8221; custom_padding=&#8221;||1px|||&#8221;][et_pb_column type=&#8221;4_4&#8243; _builder_version=&#8221;4.7.4&#8243; _module_preset=&#8221;default&#8221;][et_pb_text _builder_version=&#8221;4.7.4&#8243; text_font=&#8221;Roboto|700|||||||&#8221; text_text_color=&#8221;#333333&#8243; text_font_size=&#8221;40px&#8221; header_font=&#8221;||||||||&#8221; header_2_text_color=&#8221;#000000&#8243; header_2_font_size=&#8221;33px&#8221; header_2_line_height=&#8221;1.4em&#8221; header_3_font=&#8221;Roboto||||||||&#8221; header_3_text_color=&#8221;#000000&#8243; text_orientation=&#8221;center&#8221; background_layout=&#8221;dark&#8221; text_font_size_tablet=&#8221;35px&#8221; text_font_size_phone=&#8221;30px&#8221; text_font_size_last_edited=&#8221;on|phone&#8221;]<\/p>\n<h3>Ihmejuttuja ja juuri oikeenlaista kemiaa 2019<\/h3>\n<p>[\/et_pb_text][et_pb_gallery gallery_ids=&#8221;166,163,168,170,167,165,162,169,171,172,164,173,174,175,127,61&#8243; show_title_and_caption=&#8221;off&#8221; _builder_version=&#8221;4.7.4&#8243; _module_preset=&#8221;default&#8221;][\/et_pb_gallery][\/et_pb_column][\/et_pb_row][\/et_pb_section][et_pb_section fb_built=&#8221;1&#8243; _builder_version=&#8221;3.22&#8243; custom_padding=&#8221;1px||19px|||&#8221;][et_pb_row _builder_version=&#8221;4.7.4&#8243; _module_preset=&#8221;default&#8221;][et_pb_column type=&#8221;4_4&#8243; _builder_version=&#8221;4.7.4&#8243; _module_preset=&#8221;default&#8221;][et_pb_text _builder_version=&#8221;4.7.4&#8243; text_font=&#8221;Roboto|700|||||||&#8221; text_text_color=&#8221;#333333&#8243; text_font_size=&#8221;40px&#8221; header_font=&#8221;||||||||&#8221; header_2_text_color=&#8221;#000000&#8243; header_2_font_size=&#8221;33px&#8221; header_2_line_height=&#8221;1.4em&#8221; header_3_font=&#8221;Roboto||||||||&#8221; header_3_text_color=&#8221;#000000&#8243; text_orientation=&#8221;center&#8221; background_layout=&#8221;dark&#8221; text_font_size_tablet=&#8221;35px&#8221; text_font_size_phone=&#8221;30px&#8221; text_font_size_last_edited=&#8221;on|phone&#8221;]<\/p>\n<h3>Syyskokous 2019<\/h3>\n<p>[\/et_pb_text][et_pb_gallery gallery_ids=&#8221;176,177,178,179&#8243; show_title_and_caption=&#8221;off&#8221; _builder_version=&#8221;4.7.4&#8243; _module_preset=&#8221;default&#8221;][\/et_pb_gallery][\/et_pb_column][\/et_pb_row][\/et_pb_section][et_pb_section fb_built=&#8221;1&#8243; _builder_version=&#8221;3.22&#8243; custom_padding=&#8221;1px||17px|||&#8221;][et_pb_row _builder_version=&#8221;4.7.4&#8243; _module_preset=&#8221;default&#8221;][et_pb_column type=&#8221;4_4&#8243; _builder_version=&#8221;4.7.4&#8243; _module_preset=&#8221;default&#8221;][et_pb_text _builder_version=&#8221;4.7.4&#8243; text_font=&#8221;Roboto|700|||||||&#8221; text_text_color=&#8221;#333333&#8243; text_font_size=&#8221;40px&#8221; header_font=&#8221;||||||||&#8221; header_2_text_color=&#8221;#000000&#8243; header_2_font_size=&#8221;33px&#8221; header_2_line_height=&#8221;1.4em&#8221; header_3_font=&#8221;Roboto||||||||&#8221; header_3_text_color=&#8221;#000000&#8243; text_orientation=&#8221;center&#8221; background_layout=&#8221;dark&#8221; text_font_size_tablet=&#8221;35px&#8221; text_font_size_phone=&#8221;30px&#8221; text_font_size_last_edited=&#8221;on|phone&#8221;]<\/p>\n<h3><strong>Syysretki joulukuussa 2017 Tornio-Haaparantaan<\/strong><\/h3>\n<p>[\/et_pb_text][et_pb_gallery gallery_ids=&#8221;184,187,188&#8243; show_title_and_caption=&#8221;off&#8221; _builder_version=&#8221;4.7.4&#8243; _module_preset=&#8221;default&#8221;][\/et_pb_gallery][\/et_pb_column][\/et_pb_row][\/et_pb_section][et_pb_section fb_built=&#8221;1&#8243; _builder_version=&#8221;3.22&#8243; custom_padding=&#8221;1px||14px|||&#8221;][et_pb_row column_structure=&#8221;1_2,1_2&#8243; _builder_version=&#8221;4.7.4&#8243; _module_preset=&#8221;default&#8221;][et_pb_column type=&#8221;1_2&#8243; _builder_version=&#8221;4.7.4&#8243; _module_preset=&#8221;default&#8221;][et_pb_text _builder_version=&#8221;4.7.4&#8243; text_font=&#8221;Roboto|700|||||||&#8221; text_text_color=&#8221;#333333&#8243; text_font_size=&#8221;40px&#8221; header_font=&#8221;||||||||&#8221; header_2_text_color=&#8221;#000000&#8243; header_2_font_size=&#8221;33px&#8221; header_2_line_height=&#8221;1.4em&#8221; header_3_font=&#8221;Roboto||||||||&#8221; header_3_text_color=&#8221;#000000&#8243; text_orientation=&#8221;center&#8221; background_layout=&#8221;dark&#8221; text_font_size_tablet=&#8221;35px&#8221; text_font_size_phone=&#8221;30px&#8221; text_font_size_last_edited=&#8221;on|phone&#8221;]<\/p>\n<h3><strong>Yleis\u00f6luento Siivouksen Kemiaa 2019<\/strong><\/h3>\n<p>[\/et_pb_text][et_pb_gallery gallery_ids=&#8221;180,181&#8243; show_title_and_caption=&#8221;off&#8221; _builder_version=&#8221;4.7.4&#8243; _module_preset=&#8221;default&#8221;][\/et_pb_gallery][\/et_pb_column][et_pb_column type=&#8221;1_2&#8243; _builder_version=&#8221;4.7.4&#8243; _module_preset=&#8221;default&#8221;][et_pb_text _builder_version=&#8221;4.7.4&#8243; text_font=&#8221;Roboto|700|||||||&#8221; text_text_color=&#8221;#333333&#8243; text_font_size=&#8221;40px&#8221; header_font=&#8221;||||||||&#8221; header_2_text_color=&#8221;#000000&#8243; header_2_font_size=&#8221;33px&#8221; header_2_line_height=&#8221;1.4em&#8221; header_3_font=&#8221;Roboto||||||||&#8221; header_3_text_color=&#8221;#000000&#8243; text_orientation=&#8221;center&#8221; background_layout=&#8221;dark&#8221; text_font_size_tablet=&#8221;35px&#8221; text_font_size_phone=&#8221;30px&#8221; text_font_size_last_edited=&#8221;on|phone&#8221;]<\/p>\n<h3><strong>Kemia-lyhytelokuvien julkistamistilaisuus 2019<\/strong><\/h3>\n<p>[\/et_pb_text][et_pb_gallery gallery_ids=&#8221;182,183&#8243; show_title_and_caption=&#8221;off&#8221; _builder_version=&#8221;4.7.4&#8243; _module_preset=&#8221;default&#8221;][\/et_pb_gallery][\/et_pb_column][\/et_pb_row][\/et_pb_section][et_pb_section fb_built=&#8221;1&#8243; _builder_version=&#8221;3.22&#8243; custom_padding=&#8221;1px||10px|||&#8221;][et_pb_row _builder_version=&#8221;4.7.4&#8243; _module_preset=&#8221;default&#8221;][et_pb_column type=&#8221;4_4&#8243; _builder_version=&#8221;4.7.4&#8243; _module_preset=&#8221;default&#8221;][et_pb_text _builder_version=&#8221;4.7.4&#8243; text_font=&#8221;Roboto|700|||||||&#8221; text_text_color=&#8221;#333333&#8243; text_font_size=&#8221;40px&#8221; header_font=&#8221;||||||||&#8221; header_2_text_color=&#8221;#000000&#8243; header_2_font_size=&#8221;33px&#8221; header_2_line_height=&#8221;1.4em&#8221; header_3_font=&#8221;Roboto||||||||&#8221; header_3_text_color=&#8221;#000000&#8243; text_orientation=&#8221;center&#8221; background_layout=&#8221;dark&#8221; text_font_size_tablet=&#8221;35px&#8221; text_font_size_phone=&#8221;30px&#8221; text_font_size_last_edited=&#8221;on|phone&#8221;]<\/p>\n<h3><strong>PSKS t\u00e4ytti 55 vuotta 2017<\/strong><\/h3>\n<p>[\/et_pb_text][\/et_pb_column][\/et_pb_row][et_pb_row column_structure=&#8221;1_2,1_2&#8243; _builder_version=&#8221;4.7.4&#8243; _module_preset=&#8221;default&#8221;][et_pb_column type=&#8221;1_2&#8243; _builder_version=&#8221;4.7.4&#8243; _module_preset=&#8221;default&#8221;][et_pb_gallery gallery_ids=&#8221;191,192&#8243; show_title_and_caption=&#8221;off&#8221; _builder_version=&#8221;4.7.4&#8243; _module_preset=&#8221;default&#8221;][\/et_pb_gallery][\/et_pb_column][et_pb_column type=&#8221;1_2&#8243; _builder_version=&#8221;4.7.4&#8243; _module_preset=&#8221;default&#8221;][et_pb_text _builder_version=&#8221;4.7.4&#8243; _module_preset=&#8221;default&#8221; text_font=&#8221;Roboto|300|||||||&#8221; text_text_color=&#8221;#000000&#8243; text_font_size=&#8221;16px&#8221; custom_padding=&#8221;30px|30px||30px|false|false&#8221;]<\/p>\n<p>Sen kunniaksi poliisiammattikorkeakoulun rehtori Kimmo Himberg luennoimassa rikostutkimuksen kemiasta ja Oulun yliopiston aiempi rehtori Lauri Lajunen kertomassa seuran historiasta.<\/p>\n<p>[\/et_pb_text][\/et_pb_column][\/et_pb_row][\/et_pb_section][et_pb_section fb_built=&#8221;1&#8243; _builder_version=&#8221;3.22&#8243; custom_padding=&#8221;1px||9px|||&#8221;][et_pb_row _builder_version=&#8221;4.7.4&#8243; _module_preset=&#8221;default&#8221;][et_pb_column type=&#8221;4_4&#8243; _builder_version=&#8221;4.7.4&#8243; _module_preset=&#8221;default&#8221;][et_pb_text _builder_version=&#8221;4.7.4&#8243; text_font=&#8221;Roboto|700|||||||&#8221; text_text_color=&#8221;#333333&#8243; text_font_size=&#8221;40px&#8221; header_font=&#8221;||||||||&#8221; header_2_text_color=&#8221;#000000&#8243; header_2_font_size=&#8221;33px&#8221; header_2_line_height=&#8221;1.4em&#8221; header_3_font=&#8221;Roboto||||||||&#8221; header_3_text_color=&#8221;#000000&#8243; text_orientation=&#8221;center&#8221; background_layout=&#8221;dark&#8221; text_font_size_tablet=&#8221;35px&#8221; text_font_size_phone=&#8221;30px&#8221; text_font_size_last_edited=&#8221;on|phone&#8221;]<\/p>\n<h3><strong>Kes\u00e4retki Sodankyl\u00e4\u00e4n 2017<\/strong><\/h3>\n<p>[\/et_pb_text][et_pb_gallery gallery_ids=&#8221;196,197,195,198&#8243; show_title_and_caption=&#8221;off&#8221; _builder_version=&#8221;4.7.4&#8243; _module_preset=&#8221;default&#8221;][\/et_pb_gallery][\/et_pb_column][\/et_pb_row][\/et_pb_section][et_pb_section fb_built=&#8221;1&#8243; _builder_version=&#8221;3.22&#8243; custom_padding=&#8221;1px||15px|||&#8221;][et_pb_row _builder_version=&#8221;4.7.4&#8243; _module_preset=&#8221;default&#8221;][et_pb_column type=&#8221;4_4&#8243; _builder_version=&#8221;4.7.4&#8243; _module_preset=&#8221;default&#8221;][et_pb_text _builder_version=&#8221;4.7.4&#8243; text_font=&#8221;Roboto|700|||||||&#8221; text_text_color=&#8221;#333333&#8243; text_font_size=&#8221;40px&#8221; header_font=&#8221;||||||||&#8221; header_2_text_color=&#8221;#000000&#8243; header_2_font_size=&#8221;33px&#8221; header_2_line_height=&#8221;1.4em&#8221; header_3_font=&#8221;Roboto||||||||&#8221; header_3_text_color=&#8221;#000000&#8243; text_orientation=&#8221;center&#8221; background_layout=&#8221;dark&#8221; text_font_size_tablet=&#8221;35px&#8221; text_font_size_phone=&#8221;30px&#8221; text_font_size_last_edited=&#8221;on|phone&#8221;]<\/p>\n<h3><strong>Oulu Mining Schooliin tutustuminen kev\u00e4\u00e4ll\u00e4 2017<\/strong><\/h3>\n<p>[\/et_pb_text][et_pb_gallery gallery_ids=&#8221;201,185,186&#8243; show_title_and_caption=&#8221;off&#8221; _builder_version=&#8221;4.7.4&#8243; _module_preset=&#8221;default&#8221;][\/et_pb_gallery][\/et_pb_column][\/et_pb_row][\/et_pb_section][et_pb_section fb_built=&#8221;1&#8243; _builder_version=&#8221;3.22&#8243; custom_padding=&#8221;1px||9px|||&#8221;][et_pb_row _builder_version=&#8221;4.7.4&#8243; _module_preset=&#8221;default&#8221;][et_pb_column type=&#8221;4_4&#8243; _builder_version=&#8221;4.7.4&#8243; _module_preset=&#8221;default&#8221;][et_pb_text _builder_version=&#8221;4.7.4&#8243; text_font=&#8221;Roboto|700|||||||&#8221; text_text_color=&#8221;#333333&#8243; text_font_size=&#8221;40px&#8221; header_font=&#8221;||||||||&#8221; header_2_text_color=&#8221;#000000&#8243; header_2_font_size=&#8221;33px&#8221; header_2_line_height=&#8221;1.4em&#8221; header_3_font=&#8221;Roboto||||||||&#8221; header_3_text_color=&#8221;#000000&#8243; text_orientation=&#8221;center&#8221; background_layout=&#8221;dark&#8221; text_font_size_tablet=&#8221;35px&#8221; text_font_size_phone=&#8221;30px&#8221; text_font_size_last_edited=&#8221;on|phone&#8221;]<\/p>\n<h3><strong>Kev\u00e4tretki 2016: villiruokaa Tyrn\u00e4v\u00e4ll\u00e4<\/strong><\/h3>\n<p>[\/et_pb_text][et_pb_gallery gallery_ids=&#8221;202,203,204,205&#8243; show_title_and_caption=&#8221;off&#8221; _builder_version=&#8221;4.7.4&#8243; _module_preset=&#8221;default&#8221;][\/et_pb_gallery][\/et_pb_column][\/et_pb_row][\/et_pb_section][et_pb_section fb_built=&#8221;1&#8243; _builder_version=&#8221;3.22&#8243; custom_padding=&#8221;1px||2px|||&#8221;][et_pb_row column_structure=&#8221;1_4,1_2,1_4&#8243; _builder_version=&#8221;4.7.4&#8243; _module_preset=&#8221;default&#8221; custom_padding=&#8221;||3px|||&#8221;][et_pb_column type=&#8221;1_4&#8243; _builder_version=&#8221;4.7.4&#8243; _module_preset=&#8221;default&#8221;][et_pb_text _builder_version=&#8221;4.7.4&#8243; text_font=&#8221;Roboto|700|||||||&#8221; text_text_color=&#8221;#333333&#8243; text_font_size=&#8221;40px&#8221; header_font=&#8221;||||||||&#8221; header_2_text_color=&#8221;#000000&#8243; header_2_font_size=&#8221;33px&#8221; header_2_line_height=&#8221;1.4em&#8221; header_3_font=&#8221;Roboto||||||||&#8221; header_3_text_color=&#8221;#000000&#8243; text_orientation=&#8221;center&#8221; background_layout=&#8221;dark&#8221; text_font_size_tablet=&#8221;35px&#8221; text_font_size_phone=&#8221;30px&#8221; text_font_size_last_edited=&#8221;on|phone&#8221;]<\/p>\n<h3><strong>Sonnisaaren panimo<\/strong><\/h3>\n<p>[\/et_pb_text][et_pb_gallery gallery_ids=&#8221;208&#8243; show_title_and_caption=&#8221;off&#8221; _builder_version=&#8221;4.7.4&#8243; _module_preset=&#8221;default&#8221;][\/et_pb_gallery][\/et_pb_column][et_pb_column type=&#8221;1_2&#8243; _builder_version=&#8221;4.7.4&#8243; _module_preset=&#8221;default&#8221;][et_pb_text _builder_version=&#8221;4.7.4&#8243; text_font=&#8221;Roboto|700|||||||&#8221; text_text_color=&#8221;#333333&#8243; text_font_size=&#8221;40px&#8221; header_font=&#8221;||||||||&#8221; header_2_text_color=&#8221;#000000&#8243; header_2_font_size=&#8221;33px&#8221; header_2_line_height=&#8221;1.4em&#8221; header_3_font=&#8221;Roboto||||||||&#8221; header_3_text_color=&#8221;#000000&#8243; text_orientation=&#8221;center&#8221; background_layout=&#8221;dark&#8221; text_font_size_tablet=&#8221;35px&#8221; text_font_size_phone=&#8221;30px&#8221; text_font_size_last_edited=&#8221;on|phone&#8221;]<\/p>\n<h3><strong>Kev\u00e4tretki 2015<\/strong><\/h3>\n<p>[\/et_pb_text][et_pb_gallery gallery_ids=&#8221;209,210&#8243; show_title_and_caption=&#8221;off&#8221; _builder_version=&#8221;4.7.4&#8243; _module_preset=&#8221;default&#8221;][\/et_pb_gallery][\/et_pb_column][et_pb_column type=&#8221;1_4&#8243; _builder_version=&#8221;4.7.4&#8243; _module_preset=&#8221;default&#8221;][et_pb_text _builder_version=&#8221;4.7.4&#8243; text_font=&#8221;Roboto|700|||||||&#8221; text_text_color=&#8221;#333333&#8243; text_font_size=&#8221;40px&#8221; header_font=&#8221;||||||||&#8221; header_2_text_color=&#8221;#000000&#8243; header_2_font_size=&#8221;33px&#8221; header_2_line_height=&#8221;1.4em&#8221; header_3_font=&#8221;Roboto||||||||&#8221; header_3_text_color=&#8221;#000000&#8243; text_orientation=&#8221;center&#8221; background_layout=&#8221;dark&#8221; text_font_size_tablet=&#8221;35px&#8221; text_font_size_phone=&#8221;30px&#8221; text_font_size_last_edited=&#8221;on|phone&#8221;]<\/p>\n<h3>Yritystakomo 2014<\/h3>\n<p>[\/et_pb_text][et_pb_gallery gallery_ids=&#8221;211&#8243; show_title_and_caption=&#8221;off&#8221; _builder_version=&#8221;4.7.4&#8243; _module_preset=&#8221;default&#8221;][\/et_pb_gallery][\/et_pb_column][\/et_pb_row][\/et_pb_section][et_pb_section fb_built=&#8221;1&#8243; _builder_version=&#8221;4.7.4&#8243; background_image=&#8221;https:\/\/www.kemianseurat.fi\/psks\/wp-content\/uploads\/2020\/11\/Liity-jaseneksi.jpg&#8221; parallax=&#8221;on&#8221; custom_padding=&#8221;10%||10%||true&#8221;][et_pb_row column_structure=&#8221;1_2,1_2&#8243; padding_top_bottom_link_2=&#8221;true&#8221; padding_left_right_link_2=&#8221;true&#8221; _builder_version=&#8221;4.7.4&#8243;][et_pb_column type=&#8221;1_2&#8243; _builder_version=&#8221;3.25&#8243; custom_padding=&#8221;|||&#8221; custom_padding__hover=&#8221;|||&#8221;][\/et_pb_column][et_pb_column type=&#8221;1_2&#8243; _builder_version=&#8221;4.7.4&#8243; background_color=&#8221;rgba(18,25,33,0.51)&#8221; custom_padding=&#8221;5%|5%|5%|5%&#8221; custom_padding__hover=&#8221;|||&#8221;][et_pb_text _builder_version=&#8221;4.7.4&#8243; text_font=&#8221;Roboto|700|||||||&#8221; text_text_color=&#8221;#FFFFFF&#8221; text_font_size=&#8221;35px&#8221; text_line_height=&#8221;1.2em&#8221; header_font=&#8221;||||||||&#8221; background_layout=&#8221;dark&#8221; text_font_size_tablet=&#8221;35px&#8221; text_font_size_phone=&#8221;30px&#8221; text_font_size_last_edited=&#8221;on|desktop&#8221;]<\/p>\n<p>Oletko kemisti?\u00a0<\/p>\n<p>[\/et_pb_text][et_pb_text _builder_version=&#8221;4.7.4&#8243; text_font=&#8221;Roboto|300|||||||&#8221; text_text_color=&#8221;#FFFFFF&#8221; text_font_size=&#8221;20px&#8221; text_line_height=&#8221;1.5em&#8221; header_font=&#8221;||||||||&#8221; background_layout=&#8221;dark&#8221; text_font_size_tablet=&#8221;16px&#8221; text_font_size_phone=&#8221;16px&#8221; text_font_size_last_edited=&#8221;on|phone&#8221;]<\/p>\n<p>Liity j\u00e4seneksi ja tule mukaan verkostoitumaan muiden kemistien kanssa!<\/p>\n<p>[\/et_pb_text][et_pb_button button_url=&#8221;https:\/\/www.kemianseurat.fi\/psks\/seura\/#liity&#8221; button_text=&#8221;Lue lis\u00e4\u00e4&#8221; _builder_version=&#8221;4.7.4&#8243; custom_button=&#8221;on&#8221; button_text_color=&#8221;#000000&#8243; button_bg_color=&#8221;#ffffff&#8221; button_border_color=&#8221;#ffffff&#8221; button_border_radius=&#8221;0px&#8221; button_font=&#8221;||||||||&#8221; button_use_icon=&#8221;off&#8221; button_bg_color__hover_enabled=&#8221;on|hover&#8221; button_bg_color__hover=&#8221;#ffffff&#8221; button_border_color__hover_enabled=&#8221;on&#8221; button_border_color__hover=&#8221;#ffffff&#8221; button_bg_enable_color__hover=&#8221;on&#8221;][\/et_pb_button][\/et_pb_column][\/et_pb_row][\/et_pb_section][et_pb_section fb_built=&#8221;1&#8243; _builder_version=&#8221;4.7.4&#8243; _module_preset=&#8221;default&#8221; custom_padding=&#8221;22px||30px|||&#8221; global_module=&#8221;345&#8243; saved_tabs=&#8221;all&#8221;][et_pb_row column_structure=&#8221;1_4,1_4,1_4,1_4&#8243; _builder_version=&#8221;4.7.4&#8243; _module_preset=&#8221;default&#8221; custom_padding=&#8221;12px|||||&#8221;][et_pb_column type=&#8221;1_4&#8243; _builder_version=&#8221;4.7.4&#8243; _module_preset=&#8221;default&#8221;][et_pb_image src=&#8221;https:\/\/www.kemianseurat.fi\/psks\/wp-content\/uploads\/2020\/12\/Forendo_Pharma_logo_blue_RGB-300&#215;80-1.jpg&#8221; title_text=&#8221;Forendo_Pharma_logo_blue_RGB-300&#215;80&#8243; url=&#8221;https:\/\/forendo.com\/category\/company\/&#8221; url_new_window=&#8221;on&#8221; _builder_version=&#8221;4.7.4&#8243; _module_preset=&#8221;default&#8221; custom_margin=&#8221;10px||||false|false&#8221;][\/et_pb_image][\/et_pb_column][et_pb_column type=&#8221;1_4&#8243; _builder_version=&#8221;4.7.4&#8243; _module_preset=&#8221;default&#8221;][et_pb_image src=&#8221;https:\/\/www.kemianseurat.fi\/psks\/wp-content\/uploads\/2020\/12\/synthomer-300&#215;104-1.png&#8221; title_text=&#8221;synthomer-300&#215;104&#8243; url=&#8221;https:\/\/www.synthomer.com\/&#8221; url_new_window=&#8221;on&#8221; _builder_version=&#8221;4.7.4&#8243; _module_preset=&#8221;default&#8221;][\/et_pb_image][\/et_pb_column][et_pb_column type=&#8221;1_4&#8243; _builder_version=&#8221;4.7.4&#8243; _module_preset=&#8221;default&#8221;][et_pb_image src=&#8221;https:\/\/www.kemianseurat.fi\/psks\/wp-content\/uploads\/2020\/12\/Labsense_logo_FINAL_300dpi-300&#215;36-1.jpg&#8221; title_text=&#8221;Labsense_logo_FINAL_300dpi-300&#215;36 (1)&#8221; url=&#8221;https:\/\/labsense.fi\/&#8221; url_new_window=&#8221;on&#8221; _builder_version=&#8221;4.7.4&#8243; _module_preset=&#8221;default&#8221; custom_margin=&#8221;30px||||false|false&#8221;][\/et_pb_image][\/et_pb_column][et_pb_column type=&#8221;1_4&#8243; _builder_version=&#8221;4.7.4&#8243; _module_preset=&#8221;default&#8221;][et_pb_image src=&#8221;https:\/\/www.kemianseurat.fi\/psks\/wp-content\/uploads\/2020\/12\/CRS_logo-ID-18007-300&#215;119-1.png&#8221; title_text=&#8221;CRS_logo-ID-18007-300&#215;119&#8243; url=&#8221;https:\/\/www.crs.fi\/&#8221; url_new_window=&#8221;on&#8221; _builder_version=&#8221;4.7.4&#8243; _module_preset=&#8221;default&#8221;][\/et_pb_image][\/et_pb_column][\/et_pb_row][\/et_pb_section]<\/p>\n","protected":false},"excerpt":{"rendered":"<p>Kuvia tapahtumistammeGaalaillallinen 2019Yleis\u00f6luento Marjaisat maut ja aromit \u2013 Astien Kemiaa 2019Ihmejuttuja ja juuri oikeenlaista kemiaa 2019Syyskokous 2019Syysretki joulukuussa 2017 Tornio-HaaparantaanYleis\u00f6luento Siivouksen Kemiaa 2019Kemia-lyhytelokuvien julkistamistilaisuus 2019PSKS t\u00e4ytti 55 vuotta 2017Sen kunniaksi poliisiammattikorkeakoulun rehtori Kimmo Himberg luennoimassa rikostutkimuksen kemiasta ja Oulun yliopiston aiempi rehtori Lauri Lajunen kertomassa seuran historiasta.Kes\u00e4retki Sodankyl\u00e4\u00e4n 2017Oulu Mining Schooliin tutustuminen kev\u00e4\u00e4ll\u00e4 2017Kev\u00e4tretki 2016: [&hellip;]<\/p>\n","protected":false},"author":1,"featured_media":0,"parent":0,"menu_order":0,"comment_status":"closed","ping_status":"closed","template":"","meta":{"_et_pb_use_builder":"on","_et_pb_old_content":"","_et_gb_content_width":"","footnotes":""},"class_list":["post-134","page","type-page","status-publish","hentry"],"_links":{"self":[{"href":"https:\/\/www.kemianseurat.fi\/psks\/wp-json\/wp\/v2\/pages\/134","targetHints":{"allow":["GET"]}}],"collection":[{"href":"https:\/\/www.kemianseurat.fi\/psks\/wp-json\/wp\/v2\/pages"}],"about":[{"href":"https:\/\/www.kemianseurat.fi\/psks\/wp-json\/wp\/v2\/types\/page"}],"author":[{"embeddable":true,"href":"https:\/\/www.kemianseurat.fi\/psks\/wp-json\/wp\/v2\/users\/1"}],"replies":[{"embeddable":true,"href":"https:\/\/www.kemianseurat.fi\/psks\/wp-json\/wp\/v2\/comments?post=134"}],"version-history":[{"count":14,"href":"https:\/\/www.kemianseurat.fi\/psks\/wp-json\/wp\/v2\/pages\/134\/revisions"}],"predecessor-version":[{"id":400,"href":"https:\/\/www.kemianseurat.fi\/psks\/wp-json\/wp\/v2\/pages\/134\/revisions\/400"}],"wp:attachment":[{"href":"https:\/\/www.kemianseurat.fi\/psks\/wp-json\/wp\/v2\/media?parent=134"}],"curies":[{"name":"wp","href":"https:\/\/api.w.org\/{rel}","templated":true}]}}